{"id":130,"date":"2020-02-18T09:23:32","date_gmt":"2020-02-18T09:23:32","guid":{"rendered":"https:\/\/posizionamentoweb.com\/residence\/?page_id=130"},"modified":"2020-03-10T08:52:22","modified_gmt":"2020-03-10T08:52:22","slug":"privacy","status":"publish","type":"page","link":"https:\/\/www.residencesogere.com\/residence-torino\/privacy\/","title":{"rendered":"Privacy"},"content":{"rendered":"\n[et_pb_section fb_built=&#8221;1&#8243; _builder_version=&#8221;4.2&#8243;][et_pb_row _builder_version=&#8221;4.2&#8243;][et_pb_column _builder_version=&#8221;4.2&#8243; type=&#8221;4_4&#8243;][et_pb_text _builder_version=&#8221;4.2&#8243; hover_enabled=&#8221;0&#8243;]<table class=\"main_table\">\n<tbody>\n<tr>\n<td class=\"main_space\"><\/td>\n<td>\n<table class=\"sub_table\">\n<tbody>\n<tr>\n<td>\n<p>La presente informativa viene resa alle persone fisiche che accedono e consultano il sito di SO.GE.RE. S.A.S., ai sensi dell\u2019art. 13 D.Lgs 196\/2003 e ss.mm.ii. e dell\u2019art. 13 Regolamento UE 679\/2016-\u201c Regolamento europeo sulla protezione dei dati personali\u201d.<\/p>\n<p><strong>Identit\u00e0 del Titolare <\/strong><br \/> Questo sito Web \u00e8 gestito da SO.GE.RE. S.A.S. con sede in Via Torino, 57 \u2013 10036 Settimo Torinese (To).<br \/> Il Titolare del trattamento garantisce la sicurezza, la riservatezza e la protezione dei dati personali di cui \u00e8 in possesso, in qualsiasi fase del processo di trattamento degli stessi. I dati personali raccolti vengono utilizzati nel rispetto del D.Lgs 196\/2003 e ss.mm.ii. e del Regolamento UE 679\/2016. Non \u00e8 stato designato il DPO.<\/p>\n<p><strong>Soggetti interessati<\/strong><br \/> La presente informativa viene resa alle persone fisiche che compilano il modulo (form) \u201ccontatti\u201d proposto dal sito <a href=\"http:\/\/www.residencesogere.com\/\">http:\/\/www.residencesogere.com\/<\/a> da SO.GE.RE. S.A.S., con sede in Via Torino, 57 \u2013 10036 Settimo Torinese (To).<\/p>\n<p><strong>Fonte dei dati<\/strong><br \/> I dati vengono conferiti spontaneamente dall\u2019interessato attraverso il modulo (form) proposto dal sito internet <a href=\"http:\/\/www.residencesogere.com\/\">http:\/\/www.residencesogere.com\/<\/a><\/p>\n<p><strong>Finalit\u00e0 del trattamento<\/strong><br \/> I dati personali delle persone fisiche che compilano il form \u201ccontatti\u201c sono trattati per evadere le loro richieste.<\/p>\n<p><strong>Base giuridica del trattamento<\/strong><br \/> I dati personali delle persone fisiche che compilano il form \u201ccontatti\u201d sono lecitamente trattati per l\u2019esecuzione di un contratto di cui l\u2019interessato \u00e8 parte o esecuzione di misure precontrattuali adottate su richiesta dello stesso (la richiesta inoltrata).<\/p>\n<p><strong>Destinatari dei dati<\/strong><br \/> I dati personali trattati dal Titolare non saranno diffusi, ovvero non ne verr\u00e0 data conoscenza a soggetti indeterminati, in nessuna possibile forma, inclusa quella della loro messa a disposizione o semplice consultazione. Potranno altres\u00ec essere comunicati ai collaboratori di SO.GE.RE. S.A.S. e, nei limiti strettamente necessari, ai soggetti che per finalit\u00e0 di evasione della vostra richiesta debbano fornire beni e \/o eseguire su nostro incarico prestazioni o servizi. Infine, potranno essere comunicati ai soggetti legittimati ad accedervi in forza di disposizioni di legge, regolamenti, normative comunitarie.<\/p>\n<p><strong>Trasferimento dei dati<\/strong><br \/> Il Titolare del trattamento non trasferisce i dati personali in paesi terzi o ad organizzazioni internazionali. Tuttavia, si riserva la possibilit\u00e0 di utilizzare servizi in cloud; nel qual caso, i fornitori di servizi saranno selezionati tra coloro che forniscono garanzie adeguate, cos\u00ec come previsto dall\u2019 art. 46 Regolamento UE 679\/2016.<\/p>\n<p><strong>Conservazione dei dati<\/strong><br \/> Il Titolare del trattamento conserva e tratta i dati personali per il tempo necessario ad adempiere alle finalit\u00e0 indicate.<\/p>\n<p><strong>Diritti dell\u2019interessato<\/strong><br \/> Con riferimento all\u2019art. 7 D.Lgs 196\/2003 e ss.mm.ii. ed agli artt. 15-diritto di accesso, 16-diritto di rettifica, 17-diritto alla cancellazione, 18-diritto alla limitazione del trattamento, 20-diritto alla portabilit\u00e0, 21-diritto di opposizione, 22-diritto di opposizione al processo decisionale automatizzato del Regolamento UE 679\/2016, l\u2019interessato esercita i suoi diritti scrivendo al Titolare del trattamento all\u2019indirizzo sopra riportato, oppure a mezzo e-mail specificando l\u2019oggetto della sua richiesta, il diritto che intende esercitare ed allegando fotocopia di un documento di identit\u00e0 che attesti la legittimit\u00e0 della richiesta.<\/p>\n<p><strong>Revoca del consenso<\/strong><br \/> Con riferimento all\u2019art. 23 del D.Lgs 196\/2003 e ss.mm.ii. e all\u2019art 6 del Regolamento UE 679\/2016 l\u2019interessato pu\u00f2 revocare il consenso in qualsiasi momento.<\/p>\n<p><strong>Proposizione di reclamo<\/strong><br \/> L\u2019interessato ha il diritto di proporre reclamo all\u2019autorit\u00e0 di controllo della stato di residenza.<\/p>\n<p><strong>Rifiuto del conferimento dei dati<\/strong><br \/> L\u2019interessato pu\u00f2 rifiutarsi di conferire al Titolare i suoi dati personali poich\u00e9 il conferimento \u00e8 facoltativo. Tuttavia, la compilazione dei campi indicati \u00e8 indispensabile per poter evadere le richieste pervenute.<\/p>\n<p><strong>Processi decisionali automatizzati<\/strong><br \/> Il Titolare non effettua trattamenti che consistano in processi decisionali automatizzati.<\/p>\n<\/td>\n<\/tr>\n<\/tbody>\n<\/table>\n<\/td>\n<\/tr>\n<\/tbody>\n<\/table>\n[\/et_pb_text][\/et_pb_column][\/et_pb_row][\/et_pb_section]\n","protected":false},"excerpt":{"rendered":"","protected":false},"author":1,"featured_media":0,"parent":0,"menu_order":0,"comment_status":"closed","ping_status":"closed","template":"","meta":{"_et_pb_use_builder":"on","_et_pb_old_content":"","_et_gb_content_width":"","footnotes":""},"class_list":["post-130","page","type-page","status-publish","hentry"],"_links":{"self":[{"href":"https:\/\/www.residencesogere.com\/residence-torino\/wp-json\/wp\/v2\/pages\/130","targetHints":{"allow":["GET"]}}],"collection":[{"href":"https:\/\/www.residencesogere.com\/residence-torino\/wp-json\/wp\/v2\/pages"}],"about":[{"href":"https:\/\/www.residencesogere.com\/residence-torino\/wp-json\/wp\/v2\/types\/page"}],"author":[{"embeddable":true,"href":"https:\/\/www.residencesogere.com\/residence-torino\/wp-json\/wp\/v2\/users\/1"}],"replies":[{"embeddable":true,"href":"https:\/\/www.residencesogere.com\/residence-torino\/wp-json\/wp\/v2\/comments?post=130"}],"version-history":[{"count":3,"href":"https:\/\/www.residencesogere.com\/residence-torino\/wp-json\/wp\/v2\/pages\/130\/revisions"}],"predecessor-version":[{"id":243,"href":"https:\/\/www.residencesogere.com\/residence-torino\/wp-json\/wp\/v2\/pages\/130\/revisions\/243"}],"wp:attachment":[{"href":"https:\/\/www.residencesogere.com\/residence-torino\/wp-json\/wp\/v2\/media?parent=130"}],"curies":[{"name":"wp","href":"https:\/\/api.w.org\/{rel}","templated":true}]}}